{"id":23,"date":"2019-01-22T20:57:55","date_gmt":"2019-01-22T20:57:55","guid":{"rendered":"http:\/\/www.kiilunen.com\/?page_id=23"},"modified":"2019-01-22T21:08:39","modified_gmt":"2019-01-22T21:08:39","slug":"kotisivutila-palvelimelta","status":"publish","type":"page","link":"http:\/\/www.kiilunen.com\/?page_id=23","title":{"rendered":"Kotisivutila palvelimelta"},"content":{"rendered":"<p>Jos olet jo asiakkaamme, p\u00e4\u00e4set hallitsemaan kotisivutilasi asetuksia <a href=\"http:\/\/www.kiilunen.com\/cpanel\">t\u00e4st\u00e4<\/a><\/p>\n<p>K\u00e4yt\u00f6ss\u00e4mme olevien nimipalvelimien osoitteet:<\/p>\n<table width=\"100%\" cellspacing=\"0\" cellpadding=\"0\">\n<tbody>\n<tr>\n<td width=\"21%\">NS1<\/td>\n<td width=\"46%\">rs67a.registrar-servers.com<\/td>\n<td width=\"33%\"><\/td>\n<\/tr>\n<tr>\n<td>NS2<\/td>\n<td>rs67b.registrar-servers.com<\/td>\n<\/tr>\n<\/tbody>\n<\/table>\n","protected":false},"excerpt":{"rendered":"<p>Jos olet jo asiakkaamme, p\u00e4\u00e4set hallitsemaan kotisivutilasi asetuksia t\u00e4st\u00e4 K\u00e4yt\u00f6ss\u00e4mme olevien nimipalvelimien osoitteet: NS1 rs67a.registrar-servers.com NS2 rs67b.registrar-servers.com<\/p>\n","protected":false},"author":1,"featured_media":0,"parent":0,"menu_order":1,"comment_status":"closed","ping_status":"closed","template":"","meta":{"jetpack_post_was_ever_published":false,"footnotes":""},"class_list":["post-23","page","type-page","status-publish","hentry"],"jetpack_sharing_enabled":true,"jetpack_shortlink":"https:\/\/wp.me\/PaIg0R-n","jetpack-related-posts":[],"_links":{"self":[{"href":"http:\/\/www.kiilunen.com\/index.php?rest_route=\/wp\/v2\/pages\/23","targetHints":{"allow":["GET"]}}],"collection":[{"href":"http:\/\/www.kiilunen.com\/index.php?rest_route=\/wp\/v2\/pages"}],"about":[{"href":"http:\/\/www.kiilunen.com\/index.php?rest_route=\/wp\/v2\/types\/page"}],"author":[{"embeddable":true,"href":"http:\/\/www.kiilunen.com\/index.php?rest_route=\/wp\/v2\/users\/1"}],"replies":[{"embeddable":true,"href":"http:\/\/www.kiilunen.com\/index.php?rest_route=%2Fwp%2Fv2%2Fcomments&post=23"}],"version-history":[{"count":3,"href":"http:\/\/www.kiilunen.com\/index.php?rest_route=\/wp\/v2\/pages\/23\/revisions"}],"predecessor-version":[{"id":30,"href":"http:\/\/www.kiilunen.com\/index.php?rest_route=\/wp\/v2\/pages\/23\/revisions\/30"}],"wp:attachment":[{"href":"http:\/\/www.kiilunen.com\/index.php?rest_route=%2Fwp%2Fv2%2Fmedia&parent=23"}],"curies":[{"name":"wp","href":"https:\/\/api.w.org\/{rel}","templated":true}]}}