{"id":6,"date":"2019-01-22T14:16:28","date_gmt":"2019-01-22T14:16:28","guid":{"rendered":"http:\/\/www.kiilunen.com\/?page_id=6"},"modified":"2019-01-22T20:48:23","modified_gmt":"2019-01-22T20:48:23","slug":"tervetuloa","status":"publish","type":"page","link":"http:\/\/www.kiilunen.com\/","title":{"rendered":"Tervetuloa"},"content":{"rendered":"\n<p>Sivun sis\u00e4lt\u00f6\u00e4 tuotetaan parhaillaan. Palaathan pian takaisin.<\/p>\n\n\n\n<p>Tarvittaessa saat minuun yhteyden s\u00e4hk\u00f6postitse  joni.kiilunen(a)gmail.com<\/p>\n","protected":false},"excerpt":{"rendered":"<p>Sivun sis\u00e4lt\u00f6\u00e4 tuotetaan parhaillaan. Palaathan pian takaisin. Tarvittaessa saat minuun yhteyden s\u00e4hk\u00f6postitse joni.kiilunen(a)gmail.com<\/p>\n","protected":false},"author":1,"featured_media":0,"parent":0,"menu_order":0,"comment_status":"closed","ping_status":"closed","template":"","meta":{"jetpack_post_was_ever_published":false,"footnotes":""},"class_list":["post-6","page","type-page","status-publish","hentry"],"jetpack_sharing_enabled":true,"jetpack_shortlink":"https:\/\/wp.me\/PaIg0R-6","jetpack-related-posts":[],"_links":{"self":[{"href":"http:\/\/www.kiilunen.com\/index.php?rest_route=\/wp\/v2\/pages\/6","targetHints":{"allow":["GET"]}}],"collection":[{"href":"http:\/\/www.kiilunen.com\/index.php?rest_route=\/wp\/v2\/pages"}],"about":[{"href":"http:\/\/www.kiilunen.com\/index.php?rest_route=\/wp\/v2\/types\/page"}],"author":[{"embeddable":true,"href":"http:\/\/www.kiilunen.com\/index.php?rest_route=\/wp\/v2\/users\/1"}],"replies":[{"embeddable":true,"href":"http:\/\/www.kiilunen.com\/index.php?rest_route=%2Fwp%2Fv2%2Fcomments&post=6"}],"version-history":[{"count":4,"href":"http:\/\/www.kiilunen.com\/index.php?rest_route=\/wp\/v2\/pages\/6\/revisions"}],"predecessor-version":[{"id":22,"href":"http:\/\/www.kiilunen.com\/index.php?rest_route=\/wp\/v2\/pages\/6\/revisions\/22"}],"wp:attachment":[{"href":"http:\/\/www.kiilunen.com\/index.php?rest_route=%2Fwp%2Fv2%2Fmedia&parent=6"}],"curies":[{"name":"wp","href":"https:\/\/api.w.org\/{rel}","templated":true}]}}